{"id":6488,"date":"2017-02-10T16:13:31","date_gmt":"2017-02-10T15:13:31","guid":{"rendered":"http:\/\/www.energie-mareo.bim.name\/it\/?page_id=6488"},"modified":"2018-11-14T18:02:48","modified_gmt":"2018-11-14T17:02:48","slug":"domande","status":"publish","type":"page","link":"https:\/\/www.oesv.bz.it\/it\/domande\/","title":{"rendered":"Domande"},"content":{"rendered":"<div class=\"wpb-content-wrapper\">[mk_page_section bg_image=&#8221;https:\/\/www.oesv.bz.it\/wp-content\/uploads\/e-werk-st-vigil-officina-elettrica-sanvigilio3.jpg&#8221; bg_position=&#8221;center center&#8221; bg_repeat=&#8221;no-repeat&#8221; bg_stretch=&#8221;true&#8221; enable_3d=&#8221;true&#8221; adaptive_height=&#8221;true&#8221; max_height=&#8221;500&#8243; min_height=&#8221;200&#8243; padding_top=&#8221;0&#8243; padding_bottom=&#8221;0&#8243; el_class=&#8221;big-image&#8221; sidebar=&#8221;sidebar-1&#8243;][vc_column][\/vc_column][\/mk_page_section][vc_row][vc_column][mk_fancy_title size=&#8221;40&#8243; force_font_size=&#8221;true&#8221; size_tablet=&#8221;35&#8243; size_phone=&#8221;30&#8243; font_weight=&#8221;400&#8243; txt_transform=&#8221;none&#8221; margin_top=&#8221;&#8221; margin_bottom=&#8221;&#8221; font_family=&#8221;none&#8221; align=&#8221;center&#8221;]Domande frequenti\u00a0(FAQ)[\/mk_fancy_title][\/vc_column][\/vc_row][vc_row][vc_column][vc_accordions container_bg_color=&#8221;#ffffff&#8221; responsive=&#8221;false&#8221;][vc_accordion_tab title=&#8221;Cosa devo fare se voglio avere un nuovo allacciamento o fare un subentro?&#8221;][vc_column_text css=&#8221;.vc_custom_1534406327085{margin-bottom: 0px !important;}&#8221;]Per una nuova connessione die energia elettrica si trovano le informazioni nell&#8217;area della connessione elettrica. Se si desidera fare un subentro, La preghiamo di venire nel nostro ufficio qualche giorno prima (almeno 2 giorni feriali) o di contattarci via mail.[\/vc_column_text][\/vc_accordion_tab][vc_accordion_tab title=&#8221;Quali sono i prezzi dell&#8217;elettricit\u00e0?&#8221;][vc_column_text css=&#8221;.vc_custom_1542214965771{margin-bottom: 0px !important;}&#8221;]I prezzi dell&#8217;energia elettrica sono disponibili su <a href=\"https:\/\/www.arera.it\/it\/prezzi.htm\">www.arera.it\/it\/prezzi.htm<\/a>[\/vc_column_text][\/vc_accordion_tab][vc_accordion_tab title=&#8221;Cosa devo fare per disattivare un punto di prelievo?&#8221;][vc_column_text css=&#8221;.vc_custom_1534406374177{margin-bottom: 0px !important;}&#8221;]Contattaci alcuni giorni prima per mail o direttamente nel nostro ufficio.[\/vc_column_text][\/vc_accordion_tab][vc_accordion_tab title=&#8221;Cosa devo fare se voglio aumentare o ridurre la potenza del mio contatore?&#8221;][vc_column_text css=&#8221;.vc_custom_1534406399672{margin-bottom: 0px !important;}&#8221;]Deve essere firmata una domanda (direttamente in ufficio o via e-mail). I livelli della potenza sono:<\/p>\n<p>&#8211; Connessioni fino a 6 kW: scaglioni da +\/- 0,5 kW<br \/>\n&#8211; Connessioni da 6 kW a 10 kW: scaglioni da +\/- 1 kW<br \/>\n&#8211; Connessioni da 10 kW a 30 kW: scaglioni da +\/- 5 kW<\/p>\n<p>Da 35 kW in poi si possono chiedere qualsiasi scaglione.<\/p>\n<p>Fino a 6 kW possono essere realizzate connessione da 230 Volt o da 400 Volt. Oltre i 6 kW, la connessione viene effettuata solamente a 400 volt (trifase).<\/p>\n<p>I contributi per aumento o diminuzione vi saranno dati in fase di sottoscrizione della domanda.<\/p>\n<p>Per aumenti superiori a 6 kW, abbiamo bisogno della dichiarazione di conformit\u00e0 dell&#8217;elettricista.[\/vc_column_text][\/vc_accordion_tab][vc_accordion_tab title=&#8221;Dove si pu\u00f2 richiedere il &#8220;bonus sociale&#8220;?&#8221;][vc_column_text css=&#8221;.vc_custom_1534406424714{margin-bottom: 0px !important;}&#8221;]Le informazioni sono disponibili su <a href=\"http:\/\/www.area.it\">www.arera.it<\/a> sotto &#8220;bonus elettrico&#8221; e nel comune. La domanda deve essere fatta nel comune.[\/vc_column_text][\/vc_accordion_tab][vc_accordion_tab title=&#8221;Come funziona la fatturazione della canone rai?&#8221;][vc_column_text css=&#8221;.vc_custom_1534406446316{margin-bottom: 0px !important;}&#8221;]L\u2019Officina Elettrica S. Vigilio riceve l&#8217;elenco dei clienti per i quali l&#8217;imposta televisiva deve essere addebitata dall&#8217;Acquirente Unico (AU), che a sua volta viene informato dall&#8217;Agenzia delle Entrate. Il canone rai viene fatturato soltanto su fatture con tariffa con residenza (indipendentemente dalla potenza del contatore). Ogni cliente ha il proprio dovere di verificare se l&#8217;imposta \u00e8 stata addebitata sulla bolletta dell&#8217;elettricit\u00e0. Se questo non \u00e8 il caso, entro la fine dell&#8217;anno, questa tassa deve essere pagata in banca via F24. Se non si dispone di una fattura con tariffa residenziale, la tassa televisiva deve essere pagata in ogni caso utilizzando F24.<\/p>\n<p>La disdetta del canone rai deve essere fatta tramite l\u2019Agenzia delle Entrate.[\/vc_column_text][\/vc_accordion_tab][\/vc_accordions][mk_padding_divider size=&#8221;100&#8243;][\/vc_column][\/vc_row]\n<\/div>","protected":false},"excerpt":{"rendered":"<p>[mk_page_section bg_image=&#8221;https:\/\/www.oesv.bz.it\/wp-content\/uploads\/e-werk-st-vigil-officina-elettrica-sanvigilio3.jpg&#8221; bg_position=&#8221;center center&#8221; bg_repeat=&#8221;no-repeat&#8221; bg_stretch=&#8221;true&#8221; enable_3d=&#8221;true&#8221; adaptive_height=&#8221;true&#8221; max_height=&#8221;500&#8243; min_height=&#8221;200&#8243; padding_top=&#8221;0&#8243; padding_bottom=&#8221;0&#8243; el_class=&#8221;big-image&#8221; sidebar=&#8221;sidebar-1&#8243;][vc_column][\/vc_column][\/mk_page_section][vc_row][vc_column][mk_fancy_title size=&#8221;40&#8243; force_font_size=&#8221;true&#8221; size_tablet=&#8221;35&#8243; size_phone=&#8221;30&#8243; font_weight=&#8221;400&#8243; txt_transform=&#8221;none&#8221; margin_top=&#8221;&#8221; margin_bottom=&#8221;&#8221; font_family=&#8221;none&#8221; align=&#8221;center&#8221;]Domande frequenti\u00a0(FAQ)[\/mk_fancy_title][\/vc_column][\/vc_row][vc_row][vc_column][vc_accordions container_bg_color=&#8221;#ffffff&#8221; responsive=&#8221;false&#8221;][vc_accordion_tab title=&#8221;Cosa devo fare se voglio avere un nuovo allacciamento o fare un subentro?&#8221;][vc_column_text css=&#8221;.vc_custom_1534406327085{margin-bottom: 0px !important;}&#8221;]Per una nuova connessione die energia elettrica si trovano le informazioni nell&#8217;area della [&hellip;]<\/p>\n","protected":false},"author":1,"featured_media":0,"parent":0,"menu_order":0,"comment_status":"closed","ping_status":"closed","template":"","meta":{"footnotes":""},"class_list":["post-6488","page","type-page","status-publish","hentry"],"_links":{"self":[{"href":"https:\/\/www.oesv.bz.it\/it\/wp-json\/wp\/v2\/pages\/6488","targetHints":{"allow":["GET"]}}],"collection":[{"href":"https:\/\/www.oesv.bz.it\/it\/wp-json\/wp\/v2\/pages"}],"about":[{"href":"https:\/\/www.oesv.bz.it\/it\/wp-json\/wp\/v2\/types\/page"}],"author":[{"embeddable":true,"href":"https:\/\/www.oesv.bz.it\/it\/wp-json\/wp\/v2\/users\/1"}],"replies":[{"embeddable":true,"href":"https:\/\/www.oesv.bz.it\/it\/wp-json\/wp\/v2\/comments?post=6488"}],"version-history":[{"count":5,"href":"https:\/\/www.oesv.bz.it\/it\/wp-json\/wp\/v2\/pages\/6488\/revisions"}],"predecessor-version":[{"id":6926,"href":"https:\/\/www.oesv.bz.it\/it\/wp-json\/wp\/v2\/pages\/6488\/revisions\/6926"}],"wp:attachment":[{"href":"https:\/\/www.oesv.bz.it\/it\/wp-json\/wp\/v2\/media?parent=6488"}],"curies":[{"name":"wp","href":"https:\/\/api.w.org\/{rel}","templated":true}]}}